{"id":10164,"date":"2023-02-07T11:21:43","date_gmt":"2023-02-07T10:21:43","guid":{"rendered":"https:\/\/zora-mediaart.de\/sylb\/?post_type=product&#038;p=10164"},"modified":"2023-02-07T11:21:44","modified_gmt":"2023-02-07T10:21:44","slug":"vollcoren-special-das-warm-up","status":"publish","type":"product","link":"https:\/\/zora-mediaart.de\/sylb\/produkt\/vollcoren-special-das-warm-up\/","title":{"rendered":"VollCoreN Special &#8211; Das Warm Up"},"content":{"rendered":"<p>Beim VollCoreN Special im Mainzer M8 wird schon mal f\u00fcr das Main-Event am 28.10.2023 in K\u00f6ln eingeschwitzt!<\/p>\n<p>Dabei unterst\u00fctzen die Lokalhelden von Leyka die lange verbandelten Combos Alexis In Texas, Torrential Rain und Hostage bei ihren Aufw\u00e4rm\u00fcbungen f\u00fcr das Event am Folgetag im MTC K\u00f6ln, wo es dann hei\u00dft: Happy Birthday &#8211; 1 Jahr Memento Mori!<\/p>\n","protected":false},"excerpt":{"rendered":"<p>VollCoreN Special &#8211; Das Warm Up<\/p>\n<p>Es wird f\u00fcr das Main-Event am 28.10.2023 eingeschwitzt!<\/p>\n","protected":false},"featured_media":0,"comment_status":"closed","ping_status":"closed","template":"","meta":[],"product_brand":[],"product_cat":[1055],"product_tag":[1072,1071],"class_list":{"0":"post-10164","1":"product","2":"type-product","3":"status-publish","5":"product_cat-tickets","6":"product_tag-tickets","7":"product_tag-vollcoren","8":"wpbf-post","11":"instock","12":"shipping-taxable","13":"purchasable","14":"product-type-simple"},"_links":{"self":[{"href":"https:\/\/zora-mediaart.de\/sylb\/wp-json\/wp\/v2\/product\/10164","targetHints":{"allow":["GET"]}}],"collection":[{"href":"https:\/\/zora-mediaart.de\/sylb\/wp-json\/wp\/v2\/product"}],"about":[{"href":"https:\/\/zora-mediaart.de\/sylb\/wp-json\/wp\/v2\/types\/product"}],"replies":[{"embeddable":true,"href":"https:\/\/zora-mediaart.de\/sylb\/wp-json\/wp\/v2\/comments?post=10164"}],"version-history":[{"count":0,"href":"https:\/\/zora-mediaart.de\/sylb\/wp-json\/wp\/v2\/product\/10164\/revisions"}],"wp:attachment":[{"href":"https:\/\/zora-mediaart.de\/sylb\/wp-json\/wp\/v2\/media?parent=10164"}],"wp:term":[{"taxonomy":"product_brand","embeddable":true,"href":"https:\/\/zora-mediaart.de\/sylb\/wp-json\/wp\/v2\/product_brand?post=10164"},{"taxonomy":"product_cat","embeddable":true,"href":"https:\/\/zora-mediaart.de\/sylb\/wp-json\/wp\/v2\/product_cat?post=10164"},{"taxonomy":"product_tag","embeddable":true,"href":"https:\/\/zora-mediaart.de\/sylb\/wp-json\/wp\/v2\/product_tag?post=10164"}],"curies":[{"name":"wp","href":"https:\/\/api.w.org\/{rel}","templated":true}]}}