{"id":8241,"date":"2022-08-02T18:23:45","date_gmt":"2022-08-02T16:23:45","guid":{"rendered":"https:\/\/sylb.eu\/?page_id=8241"},"modified":"2022-08-02T18:33:25","modified_gmt":"2022-08-02T16:33:25","slug":"video-einreichen","status":"publish","type":"page","link":"https:\/\/zora-mediaart.de\/sylb\/video-einreichen\/","title":{"rendered":"Video einreichen"},"content":{"rendered":"\t\t<div data-elementor-type=\"wp-page\" data-elementor-id=\"8241\" class=\"elementor elementor-8241\" data-elementor-post-type=\"page\">\n\t\t\t\t\t\t<section class=\"elementor-section elementor-top-section elementor-element elementor-element-53fd08e elementor-section-height-min-height elementor-section-boxed elementor-section-height-default elementor-section-items-middle\" data-id=\"53fd08e\" data-element_type=\"section\" data-e-type=\"section\" data-settings=\"{&quot;background_background&quot;:&quot;classic&quot;,&quot;background_image&quot;:{&quot;url&quot;:&quot;https:\\\/\\\/zora-mediaart.de\\\/sylb\\\/wp-content\\\/uploads\\\/2021\\\/03\\\/HD_Background2.jpg&quot;,&quot;id&quot;:537,&quot;size&quot;:&quot;&quot;},&quot;background_motion_fx_motion_fx_mouse&quot;:&quot;yes&quot;,&quot;background_motion_fx_mouseTrack_effect&quot;:&quot;yes&quot;,&quot;background_motion_fx_mouseTrack_speed&quot;:{&quot;unit&quot;:&quot;px&quot;,&quot;size&quot;:0.1000000000000000055511151231257827021181583404541015625,&quot;sizes&quot;:[]},&quot;shape_divider_bottom&quot;:&quot;triangle&quot;,&quot;shape_divider_bottom_negative&quot;:&quot;yes&quot;,&quot;background_image_tablet&quot;:{&quot;url&quot;:&quot;&quot;,&quot;id&quot;:&quot;&quot;,&quot;size&quot;:&quot;&quot;},&quot;background_image_mobile&quot;:{&quot;url&quot;:&quot;&quot;,&quot;id&quot;:&quot;&quot;,&quot;size&quot;:&quot;&quot;}}\">\n\t\t\t\t\t\t\t<div class=\"elementor-background-overlay\"><\/div>\n\t\t\t\t\t\t<div class=\"elementor-shape elementor-shape-bottom\" aria-hidden=\"true\" data-negative=\"true\">\n\t\t\t<svg xmlns=\"http:\/\/www.w3.org\/2000\/svg\" viewBox=\"0 0 1000 100\" preserveAspectRatio=\"none\">\n\t<path class=\"elementor-shape-fill\" d=\"M500.2,94.7L0,0v100h1000V0L500.2,94.7z\"\/>\n<\/svg>\t\t<\/div>\n\t\t\t\t\t<div class=\"elementor-container elementor-column-gap-no\">\n\t\t\t\t\t<div class=\"elementor-column elementor-col-50 elementor-top-column elementor-element elementor-element-4d1fdc1\" data-id=\"4d1fdc1\" data-element_type=\"column\" data-e-type=\"column\">\n\t\t\t<div class=\"elementor-widget-wrap elementor-element-populated\">\n\t\t\t\t\t\t<section class=\"elementor-section elementor-inner-section elementor-element elementor-element-aff76f6 elementor-section-full_width elementor-section-content-middle elementor-section-height-default elementor-section-height-default\" data-id=\"aff76f6\" data-element_type=\"section\" data-e-type=\"section\">\n\t\t\t\t\t\t<div class=\"elementor-container elementor-column-gap-default\">\n\t\t\t\t\t<div class=\"elementor-column elementor-col-100 elementor-inner-column elementor-element elementor-element-5bfb857\" data-id=\"5bfb857\" data-element_type=\"column\" data-e-type=\"column\" data-settings=\"{&quot;background_background&quot;:&quot;classic&quot;}\">\n\t\t\t<div class=\"elementor-widget-wrap elementor-element-populated\">\n\t\t\t\t\t\t<div class=\"elementor-element elementor-element-6341d32 elementor-widget elementor-widget-text-editor\" data-id=\"6341d32\" data-element_type=\"widget\" data-e-type=\"widget\" data-widget_type=\"text-editor.default\">\n\t\t\t\t<div class=\"elementor-widget-container\">\n\t\t\t\t\t\t\t\t\t(AN)FRAGEN KOST&#8216; NIX!\t\t\t\t\t\t\t\t<\/div>\n\t\t\t\t<\/div>\n\t\t\t\t<div class=\"elementor-element elementor-element-1452f25 elementor-widget elementor-widget-heading\" data-id=\"1452f25\" data-element_type=\"widget\" data-e-type=\"widget\" data-widget_type=\"heading.default\">\n\t\t\t\t<div class=\"elementor-widget-container\">\n\t\t\t\t\t<h2 class=\"elementor-heading-title elementor-size-default\">EUER VIDEO F\u00dcR SYLB-TRAILER<\/h2>\t\t\t\t<\/div>\n\t\t\t\t<\/div>\n\t\t\t\t<div class=\"elementor-element elementor-element-e27d012 elementor-widget elementor-widget-text-editor\" data-id=\"e27d012\" data-element_type=\"widget\" data-e-type=\"widget\" data-widget_type=\"text-editor.default\">\n\t\t\t\t<div class=\"elementor-widget-container\">\n\t\t\t\t\t\t\t\t\t<p>Platziert euer Musikvideo in unseren SYLB-Trailern f\u00fcr mehr MEHRwert. Dadurch erhaltet ihr mehr Reichweite innerhalb des Netzwerks, werdet zus\u00e4tzlich in unseren Beitr\u00e4gen verewigt und seid auf allen sozialen Medien von SYLB zu sehen. Ideal um mehr Aufmerksamkeit auf euer Musikvideo zu lenken, die Community zu beeindrucken und zu inspirieren.<\/p>\t\t\t\t\t\t\t\t<\/div>\n\t\t\t\t<\/div>\n\t\t\t\t<div class=\"elementor-element elementor-element-88a75cf elementor-align-start elementor-hidden-desktop elementor-hidden-tablet elementor-hidden-phone elementor-icon-list--layout-traditional elementor-list-item-link-full_width elementor-widget elementor-widget-icon-list\" data-id=\"88a75cf\" data-element_type=\"widget\" data-e-type=\"widget\" data-widget_type=\"icon-list.default\">\n\t\t\t\t<div class=\"elementor-widget-container\">\n\t\t\t\t\t\t\t<ul class=\"elementor-icon-list-items\">\n\t\t\t\t\t\t\t<li class=\"elementor-icon-list-item\">\n\t\t\t\t\t\t\t\t\t\t\t<span class=\"elementor-icon-list-icon\">\n\t\t\t\t\t\t\t<i aria-hidden=\"true\" class=\"fas fa-angle-right\"><\/i>\t\t\t\t\t\t<\/span>\n\t\t\t\t\t\t\t\t\t\t<span class=\"elementor-icon-list-text\"><b>Redaktion:<\/b> Review-Formate zu Single- , EP- oder Album-Produktionen, sowie Konzertberichte sind <\/span>\n\t\t\t\t\t\t\t\t\t<\/li>\n\t\t\t\t\t\t\t\t<li class=\"elementor-icon-list-item\">\n\t\t\t\t\t\t\t\t\t\t\t<span class=\"elementor-icon-list-icon\">\n\t\t\t\t\t\t\t<i aria-hidden=\"true\" class=\"fas fa-angle-right\"><\/i>\t\t\t\t\t\t<\/span>\n\t\t\t\t\t\t\t\t\t\t<span class=\"elementor-icon-list-text\"><b>Anfrage-Formular:<\/b> Frag uns an! Interview, Single-Review,... u.v.m! Davon porfitieren nur die ersten Mitglieder! <b>Zum Kontakt-Formular <\/b><\/span>\n\t\t\t\t\t\t\t\t\t<\/li>\n\t\t\t\t\t\t\t\t<li class=\"elementor-icon-list-item\">\n\t\t\t\t\t\t\t\t\t\t\t<span class=\"elementor-icon-list-icon\">\n\t\t\t\t\t\t\t<i aria-hidden=\"true\" class=\"fas fa-angle-right\"><\/i>\t\t\t\t\t\t<\/span>\n\t\t\t\t\t\t\t\t\t\t<span class=\"elementor-icon-list-text\"><b>Coming soon:<\/b> In K\u00fcrze werden Team-Vorstellung und Kalender-Funktion verf\u00fcgbar!<\/span>\n\t\t\t\t\t\t\t\t\t<\/li>\n\t\t\t\t\t\t<\/ul>\n\t\t\t\t\t\t<\/div>\n\t\t\t\t<\/div>\n\t\t\t\t\t<\/div>\n\t\t<\/div>\n\t\t\t\t\t<\/div>\n\t\t<\/section>\n\t\t\t\t<div class=\"elementor-element elementor-element-4b472a4 elementor-hidden-tablet elementor-hidden-phone elementor-invisible elementor-widget elementor-widget-image\" data-id=\"4b472a4\" data-element_type=\"widget\" data-e-type=\"widget\" data-settings=\"{&quot;motion_fx_motion_fx_mouse&quot;:&quot;yes&quot;,&quot;motion_fx_mouseTrack_effect&quot;:&quot;yes&quot;,&quot;motion_fx_mouseTrack_direction&quot;:&quot;negative&quot;,&quot;motion_fx_mouseTrack_speed&quot;:{&quot;unit&quot;:&quot;px&quot;,&quot;size&quot;:0.5,&quot;sizes&quot;:[]},&quot;_animation&quot;:&quot;fadeInUp&quot;}\" data-widget_type=\"image.default\">\n\t\t\t\t<div class=\"elementor-widget-container\">\n\t\t\t\t\t\t\t\t\t\t\t\t\t\t\t\t<a href=\"#login\">\n\t\t\t\t\t\t\t<img fetchpriority=\"high\" decoding=\"async\" width=\"1024\" height=\"714\" src=\"https:\/\/zora-mediaart.de\/sylb\/wp-content\/uploads\/2021\/03\/SYLB_Partikel-1024x714.png\" class=\"attachment-large size-large wp-image-538\" alt=\"\" srcset=\"https:\/\/zora-mediaart.de\/sylb\/wp-content\/uploads\/2021\/03\/SYLB_Partikel-1024x714.png 1024w, https:\/\/zora-mediaart.de\/sylb\/wp-content\/uploads\/2021\/03\/SYLB_Partikel-800x558.png 800w, https:\/\/zora-mediaart.de\/sylb\/wp-content\/uploads\/2021\/03\/SYLB_Partikel-300x209.png 300w, https:\/\/zora-mediaart.de\/sylb\/wp-content\/uploads\/2021\/03\/SYLB_Partikel-768x535.png 768w, https:\/\/zora-mediaart.de\/sylb\/wp-content\/uploads\/2021\/03\/SYLB_Partikel-1536x1071.png 1536w, https:\/\/zora-mediaart.de\/sylb\/wp-content\/uploads\/2021\/03\/SYLB_Partikel-50x35.png 50w, https:\/\/zora-mediaart.de\/sylb\/wp-content\/uploads\/2021\/03\/SYLB_Partikel-100x70.png 100w, https:\/\/zora-mediaart.de\/sylb\/wp-content\/uploads\/2021\/03\/SYLB_Partikel.png 2000w\" sizes=\"(max-width: 1024px) 100vw, 1024px\" \/>\t\t\t\t\t\t\t\t<\/a>\n\t\t\t\t\t\t\t\t\t\t\t\t\t\t\t<\/div>\n\t\t\t\t<\/div>\n\t\t\t\t\t<\/div>\n\t\t<\/div>\n\t\t\t\t<div class=\"elementor-column elementor-col-50 elementor-top-column elementor-element elementor-element-6ad4b35\" data-id=\"6ad4b35\" data-element_type=\"column\" data-e-type=\"column\" data-settings=\"{&quot;background_background&quot;:&quot;classic&quot;}\">\n\t\t\t<div class=\"elementor-widget-wrap elementor-element-populated\">\n\t\t\t\t\t\t<div class=\"elementor-element elementor-element-db5d49f elementor-widget elementor-widget-spacer\" data-id=\"db5d49f\" data-element_type=\"widget\" data-e-type=\"widget\" data-widget_type=\"spacer.default\">\n\t\t\t\t<div class=\"elementor-widget-container\">\n\t\t\t\t\t\t\t<div class=\"elementor-spacer\">\n\t\t\t<div class=\"elementor-spacer-inner\"><\/div>\n\t\t<\/div>\n\t\t\t\t\t\t<\/div>\n\t\t\t\t<\/div>\n\t\t\t\t<div class=\"elementor-element elementor-element-a6ecfa2 elementor-widget elementor-widget-heading\" data-id=\"a6ecfa2\" data-element_type=\"widget\" data-e-type=\"widget\" data-widget_type=\"heading.default\">\n\t\t\t\t<div class=\"elementor-widget-container\">\n\t\t\t\t\t<h2 class=\"elementor-heading-title elementor-size-default\">VIDEO EINREICHEN<\/h2>\t\t\t\t<\/div>\n\t\t\t\t<\/div>\n\t\t\t\t<div class=\"elementor-element elementor-element-2958c0a elementor-hidden-tablet elementor-hidden-phone elementor-button-align-stretch elementor-widget elementor-widget-form\" data-id=\"2958c0a\" data-element_type=\"widget\" data-e-type=\"widget\" data-settings=\"{&quot;step_next_label&quot;:&quot;N\\u00e4chster&quot;,&quot;step_previous_label&quot;:&quot;Voriger&quot;,&quot;button_width&quot;:&quot;100&quot;,&quot;step_type&quot;:&quot;number_text&quot;,&quot;step_icon_shape&quot;:&quot;circle&quot;}\" data-widget_type=\"form.default\">\n\t\t\t\t<div class=\"elementor-widget-container\">\n\t\t\t\t\t        <script>\n\n            if(typeof params === 'undefined'){\n                let params = '';                \n            }\n\n            params = new URLSearchParams(location.search);\n\n            if (params.has('better_payment_paypal_status') || params.has('better_payment_stripe_status') || params.has('better_payment_paystack_status')) {\n                params.delete('better_payment_paypal_status');\n                params.delete('better_payment_stripe_status');\n                params.delete('better_payment_paystack_status');\n                params.delete('better_payment_widget_id');\n                params.delete('better_payment_stripe_id');\n                params.delete('better_payment_paystack_id');\n                window.history.replaceState({}, '', `${location.pathname}?${params}`);\n            }\n        <\/script>\n        \t\t<form class=\"elementor-form\" method=\"post\" name=\"Neues Formular\" aria-label=\"Neues Formular\">\n\t\t\t<input type=\"hidden\" name=\"post_id\" value=\"8241\"\/>\n\t\t\t<input type=\"hidden\" name=\"form_id\" value=\"2958c0a\"\/>\n\t\t\t<input type=\"hidden\" name=\"referer_title\" value=\"\" \/>\n\n\t\t\t\n\t\t\t<div class=\"elementor-form-fields-wrapper elementor-labels-above\">\n\t\t\t\t\t\t\t\t<div class=\"elementor-field-type-text elementor-field-group elementor-column elementor-field-group-name2 elementor-col-100\">\n\t\t\t\t\t\t\t\t\t\t\t\t<label for=\"form-field-name2\" class=\"elementor-field-label\">\n\t\t\t\t\t\t\t\tBandname\t\t\t\t\t\t\t<\/label>\n\t\t\t\t\t\t\t\t\t\t\t\t\t\t<input size=\"1\" type=\"text\" name=\"form_fields[name2]\" id=\"form-field-name2\" class=\"elementor-field elementor-size-sm  elementor-field-textual\" placeholder=\"Bandname\">\n\t\t\t\t\t\t\t\t\t\t\t<\/div>\n\t\t\t\t\t\t\t\t<div class=\"elementor-field-type-email elementor-field-group elementor-column elementor-field-group-email_desktop elementor-col-100 elementor-field-required elementor-mark-required\">\n\t\t\t\t\t\t\t\t\t\t\t\t<label for=\"form-field-email_desktop\" class=\"elementor-field-label\">\n\t\t\t\t\t\t\t\tE-Mail\t\t\t\t\t\t\t<\/label>\n\t\t\t\t\t\t\t\t\t\t\t\t\t\t<input size=\"1\" type=\"email\" name=\"form_fields[email_desktop]\" id=\"form-field-email_desktop\" class=\"elementor-field elementor-size-sm  elementor-field-textual\" placeholder=\"E-Mail\" required=\"required\">\n\t\t\t\t\t\t\t\t\t\t\t<\/div>\n\t\t\t\t\t\t\t\t<div class=\"elementor-field-type-text elementor-field-group elementor-column elementor-field-group-downloadlink_desktop elementor-col-100 elementor-field-required elementor-mark-required\">\n\t\t\t\t\t\t\t\t\t\t\t\t<label for=\"form-field-downloadlink_desktop\" class=\"elementor-field-label\">\n\t\t\t\t\t\t\t\tVielen Dank, dass ihr uns eines eurer Musik-\/Performancevideo zur Erstellung unserer SYLB-Trailer zur Verf\u00fcgung stellt! Bitte f\u00fcgt hier einen Downloadlink ein, wo wir das Video runterladen k\u00f6nnen:\t\t\t\t\t\t\t<\/label>\n\t\t\t\t\t\t\t\t\t\t\t\t\t\t<input size=\"1\" type=\"text\" name=\"form_fields[downloadlink_desktop]\" id=\"form-field-downloadlink_desktop\" class=\"elementor-field elementor-size-sm  elementor-field-textual\" placeholder=\"Downloadlink\" required=\"required\">\n\t\t\t\t\t\t\t\t\t\t\t<\/div>\n\t\t\t\t\t\t\t\t<div class=\"elementor-field-type-acceptance elementor-field-group elementor-column elementor-field-group-message2 elementor-col-100\">\n\t\t\t\t\t\t\t\t\t\t\t\t<label for=\"form-field-message2\" class=\"elementor-field-label\">\n\t\t\t\t\t\t\t\tUm euer Musik-\/Performancevideo verarbeiten zu d\u00fcrfen brauchen wir noch\u00a0eure Freigabe. Setzt dazu bitte den Haken in der nachfolgenden Checkbox.\u00a0<br><span style=\"font-weight: 500; color:#d5ff00\">Bitte beachtet: mit eurer Freigabe best\u00e4tigt ihr entweder, dass ihr die\u00a0alleinigen Rechteinhaber an dem von euch \u00fcbermitteltem Video\u00a0 (DIY-Video)\u00a0seid oder ihr euch zus\u00e4tzlich die Freigabe beim Produzenten\/Videograph\u00a0eingeholt habt! <\/span><br>Tragt im entsprechenden Fall bitte das Produktionsstudio\/den Videograph im Nachrichtenfeld ein. <br><br>\t\t\t\t\t\t\t<\/label>\n\t\t\t\t\t\t\t\t<div class=\"elementor-field-subgroup\">\n\t\t\t<span class=\"elementor-field-option\">\n\t\t\t\t<input type=\"checkbox\" name=\"form_fields[message2]\" id=\"form-field-message2\" class=\"elementor-field elementor-size-sm  elementor-acceptance-field\">\n\t\t\t\t<label for=\"form-field-message2\">Wir erteilen ausdr\u00fccklich - auch im Namen von ggf. anderen an der Produktion beteiligten Personen - die Freigabe zur Nutzung, Bearbeitung und Verarbeitung unseres eingereichten Videos.<\/label>\t\t\t<\/span>\n\t\t<\/div>\n\t\t\t\t\t\t<\/div>\n\t\t\t\t\t\t\t\t<div class=\"elementor-field-type-text elementor-field-group elementor-column elementor-field-group-produktion elementor-col-100\">\n\t\t\t\t\t\t\t\t\t\t\t\t\t<input size=\"1\" type=\"text\" name=\"form_fields[produktion]\" id=\"form-field-produktion\" class=\"elementor-field elementor-size-sm  elementor-field-textual\" placeholder=\"Produktionsstudio\/Videograph\">\n\t\t\t\t\t\t\t\t\t\t\t<\/div>\n\t\t\t\t\t\t\t\t<div class=\"elementor-field-type-recaptcha_v3 elementor-field-group elementor-column elementor-field-group-captcha_desktop elementor-col-100 recaptcha_v3-bottomright\">\n\t\t\t\t\t<div class=\"elementor-field\" id=\"form-field-captcha_desktop\"><div class=\"elementor-g-recaptcha\" data-sitekey=\"6Ldjg4YbAAAAAAq26oG_ShD926CGCe79-FIgwInk\" data-type=\"v3\" data-action=\"Form\" data-badge=\"bottomright\" data-size=\"invisible\"><\/div><\/div>\t\t\t\t<\/div>\n\t\t\t\t\t\t\t\t<div class=\"elementor-field-group elementor-column elementor-field-type-submit elementor-col-100 e-form__buttons\">\n\t\t\t\t\t<button class=\"elementor-button elementor-size-sm\" type=\"submit\">\n\t\t\t\t\t\t<span class=\"elementor-button-content-wrapper\">\n\t\t\t\t\t\t\t\t\t\t\t\t\t\t\t\t\t\t\t\t\t\t<span class=\"elementor-button-text\">Senden<\/span>\n\t\t\t\t\t\t\t\t\t\t\t\t\t<\/span>\n\t\t\t\t\t<\/button>\n\t\t\t\t<\/div>\n\t\t\t<\/div>\n\t\t<\/form>\n\t\t\t\t\t\t<\/div>\n\t\t\t\t<\/div>\n\t\t\t\t\t<\/div>\n\t\t<\/div>\n\t\t\t\t\t<\/div>\n\t\t<\/section>\n\t\t\t\t<\/div>\n\t\t","protected":false},"excerpt":{"rendered":"<p>(AN)FRAGEN KOST&#8216; NIX! EUER VIDEO F\u00dcR SYLB-TRAILER Platziert euer Musikvideo in unseren SYLB-Trailern f\u00fcr mehr MEHRwert. Dadurch erhaltet ihr mehr Reichweite innerhalb des Netzwerks, werdet zus\u00e4tzlich in unseren Beitr\u00e4gen verewigt und seid auf allen sozialen Medien von SYLB zu sehen. Ideal um mehr Aufmerksamkeit auf euer Musikvideo zu lenken, die Community zu beeindrucken und zu [&hellip;]<\/p>\n","protected":false},"author":1,"featured_media":0,"parent":0,"menu_order":0,"comment_status":"closed","ping_status":"closed","template":"elementor_header_footer","meta":{"footnotes":""},"class_list":["post-8241","page","type-page","status-publish","hentry","wpbf-post"],"_links":{"self":[{"href":"https:\/\/zora-mediaart.de\/sylb\/wp-json\/wp\/v2\/pages\/8241","targetHints":{"allow":["GET"]}}],"collection":[{"href":"https:\/\/zora-mediaart.de\/sylb\/wp-json\/wp\/v2\/pages"}],"about":[{"href":"https:\/\/zora-mediaart.de\/sylb\/wp-json\/wp\/v2\/types\/page"}],"author":[{"embeddable":true,"href":"https:\/\/zora-mediaart.de\/sylb\/wp-json\/wp\/v2\/users\/1"}],"replies":[{"embeddable":true,"href":"https:\/\/zora-mediaart.de\/sylb\/wp-json\/wp\/v2\/comments?post=8241"}],"version-history":[{"count":7,"href":"https:\/\/zora-mediaart.de\/sylb\/wp-json\/wp\/v2\/pages\/8241\/revisions"}],"predecessor-version":[{"id":8250,"href":"https:\/\/zora-mediaart.de\/sylb\/wp-json\/wp\/v2\/pages\/8241\/revisions\/8250"}],"wp:attachment":[{"href":"https:\/\/zora-mediaart.de\/sylb\/wp-json\/wp\/v2\/media?parent=8241"}],"curies":[{"name":"wp","href":"https:\/\/api.w.org\/{rel}","templated":true}]}}