{"id":1469,"date":"2021-07-08T23:27:02","date_gmt":"2021-07-08T21:27:02","guid":{"rendered":"https:\/\/sylb.live-website.com\/?page_id=1469"},"modified":"2024-10-30T15:30:40","modified_gmt":"2024-10-30T14:30:40","slug":"impressum","status":"publish","type":"page","link":"https:\/\/zora-mediaart.de\/sylb\/impressum\/","title":{"rendered":"Impressum"},"content":{"rendered":"\t\t<div data-elementor-type=\"wp-page\" data-elementor-id=\"1469\" class=\"elementor elementor-1469\" data-elementor-post-type=\"page\">\n\t\t\t\t\t\t<section class=\"elementor-section elementor-top-section elementor-element elementor-element-7897ff51 elementor-section-boxed elementor-section-height-default elementor-section-height-default\" data-id=\"7897ff51\" data-element_type=\"section\" data-e-type=\"section\" data-settings=\"{&quot;background_background&quot;:&quot;classic&quot;,&quot;background_image&quot;:{&quot;url&quot;:&quot;&quot;,&quot;id&quot;:&quot;&quot;,&quot;size&quot;:&quot;&quot;},&quot;background_image_tablet&quot;:{&quot;url&quot;:&quot;&quot;,&quot;id&quot;:&quot;&quot;,&quot;size&quot;:&quot;&quot;},&quot;background_image_mobile&quot;:{&quot;url&quot;:&quot;&quot;,&quot;id&quot;:&quot;&quot;,&quot;size&quot;:&quot;&quot;}}\">\n\t\t\t\t\t\t<div class=\"elementor-container elementor-column-gap-default\">\n\t\t\t\t\t<div class=\"elementor-column elementor-col-100 elementor-top-column elementor-element elementor-element-4523cd46 elementor-invisible\" data-id=\"4523cd46\" data-element_type=\"column\" data-e-type=\"column\" data-settings=\"{&quot;background_background&quot;:&quot;classic&quot;,&quot;animation&quot;:&quot;fadeInUp&quot;}\">\n\t\t\t<div class=\"elementor-widget-wrap elementor-element-populated\">\n\t\t\t\t\t\t<div class=\"elementor-element elementor-element-6d450854 elementor-widget elementor-widget-text-editor\" data-id=\"6d450854\" data-element_type=\"widget\" data-e-type=\"widget\" data-widget_type=\"text-editor.default\">\n\t\t\t\t<div class=\"elementor-widget-container\">\n\t\t\t\t\t\t\t\t\t<p><\/p>\n<h1 class=\"wp-block-heading\">Impressum<\/h1>\n<div id=\"1832719432\" class=\"u_1832719432 dmRespRow\">\n<div id=\"1818146125\" class=\"dmRespColsWrapper\">\n<div id=\"1512078554\" class=\"dmRespCol small-12 medium-12 large-12\">\n<div id=\"1308184849\" class=\"u_1308184849 dmNewParagraph\" data-dmtmpl=\"true\" data-uialign=\"center\" data-styletopreserve=\"{\">\n<div><b><span class=\"lh-1 font-size-20\">ANGABEN GEM\u00c4SS \u00a7 5 DDG<\/span><\/b><\/div>\n<div>&nbsp;<\/div>\n<div>&nbsp;<\/div>\n<div><span class=\"font-size-16 lh-1\">Henning Fu\u00df<\/span><\/div>\n<div><span class=\"font-size-16 lh-1\">K\u00f6ttenicher Strasse 115<\/span><\/div>\n<div><span class=\"font-size-16 lh-1\">52382 Niederzier<\/span><\/div>\n<div><span class=\"font-size-16 lh-1\">&nbsp;<\/span><\/div>\n<div><span class=\"font-size-16 lh-1\"><b class=\"font-size-20 lh-1\">KONTAKT<\/b><\/span><\/div>\n<div><span class=\"font-size-16 lh-1\">E-Mail: info@sylb.eu<\/span><\/div>\n<div><span class=\"font-size-16 lh-1\">&nbsp;<\/span><\/div>\n<div><b class=\"lh-1 font-size-20\">VERANTWORTLICH F\u00dcR DEN INHALT NACH \u00a7 55 ABS. 2 RSTV<\/b><\/div>\n<div><span class=\"font-size-16 lh-1\">Henning Fu\u00df<\/span><\/div>\n<div><span class=\"font-size-16 lh-1\" style=\"color: #ffffff;\">K\u00f6ttenicher Strasse 115<\/span><\/div>\n<div><span class=\"font-size-16 lh-1\">52382 Niederzier<\/span><\/div>\n<div><span class=\"font-size-16 lh-1\">&nbsp;<\/span><\/div>\n<div><b class=\"lh-1 font-size-20\">STREITSCHLICHTUNG<\/b><\/div>\n<div><span class=\"font-size-16 lh-1\">Die Europ\u00e4ische Kommission stellt eine Plattform zur Online-Streitbeilegung (OS) bereit: https:\/\/ec.europa.eu\/consumers\/odr.<\/span><\/div>\n<div><span class=\"font-size-16 lh-1\">Unsere E-Mail-Adresse finden Sie oben im Impressum.<\/span><\/div>\n<div><span class=\"font-size-16 lh-1\">&nbsp;<\/span><\/div>\n<div><span class=\"font-size-16 lh-1\">Wir sind nicht bereit oder verpflichtet, an Streitbeilegungsverfahren vor einer Verbraucherschlichtungsstelle teilzunehmen.<\/span><\/div>\n<div><span class=\"font-size-16 lh-1\">&nbsp;<\/span><\/div>\n<div><b class=\"lh-1 font-size-20\">HAFTUNG F\u00dcR INHALTE<\/b><\/div>\n<div><span class=\"font-size-16 lh-1\">Als Diensteanbieter sind wir gem\u00e4\u00df \u00a7 7 Abs.1 TMG f\u00fcr eigene Inhalte auf diesen Seiten nach den allgemeinen Gesetzen verantwortlich. Nach \u00a7\u00a7 8 bis 10 TMG sind wir als Diensteanbieter jedoch nicht verpflichtet, \u00fcbermittelte oder gespeicherte fremde Informationen zu \u00fcberwachen oder nach Umst\u00e4nden zu forschen, die auf eine rechtswidrige T\u00e4tigkeit hinweisen.<\/span><\/div>\n<div><span class=\"font-size-16 lh-1\">&nbsp;<\/span><\/div>\n<div><span class=\"font-size-16 lh-1\">Verpflichtungen zur Entfernung oder Sperrung der Nutzung von Informationen nach den allgemeinen Gesetzen bleiben hiervon unber\u00fchrt. Eine diesbez\u00fcgliche Haftung ist jedoch erst ab dem Zeitpunkt der Kenntnis einer konkreten Rechtsverletzung m\u00f6glich. Bei Bekanntwerden von entsprechenden Rechtsverletzungen werden wir diese Inhalte umgehend entfernen.<\/span><\/div>\n<div><span class=\"font-size-16 lh-1\">&nbsp;<\/span><\/div>\n<div><b class=\"lh-1 font-size-20\">HAFTUNG F\u00dcR LINKS<\/b><\/div>\n<div><span class=\"font-size-16 lh-1\">Unser Angebot enth\u00e4lt Links zu externen Websites Dritter, auf deren Inhalte wir keinen Einfluss haben. Deshalb k\u00f6nnen wir f\u00fcr diese fremden Inhalte auch keine Gew\u00e4hr \u00fcbernehmen. F\u00fcr die Inhalte der verlinkten Seiten ist stets der jeweilige Anbieter oder Betreiber der Seiten verantwortlich. Die verlinkten Seiten wurden zum Zeitpunkt der Verlinkung auf m\u00f6gliche Rechtsverst\u00f6\u00dfe \u00fcberpr\u00fcft. Rechtswidrige Inhalte waren zum Zeitpunkt der Verlinkung nicht erkennbar.<\/span><\/div>\n<div><span class=\"font-size-16 lh-1\">&nbsp;<\/span><\/div>\n<div><span class=\"font-size-16 lh-1\">Eine permanente inhaltliche Kontrolle der verlinkten Seiten ist jedoch ohne konkrete Anhaltspunkte einer Rechtsverletzung nicht zumutbar. Bei Bekanntwerden von Rechtsverletzungen werden wir derartige Links umgehend entfernen.<\/span><\/div>\n<div><span class=\"font-size-16 lh-1\">&nbsp;<\/span><\/div>\n<div><b class=\"lh-1 font-size-20\">URHEBERRECHT<\/b><\/div>\n<div><span class=\"font-size-16 lh-1\">Die durch die Seitenbetreiber erstellten Inhalte und Werke auf diesen Seiten unterliegen dem deutschen Urheberrecht. Die Vervielf\u00e4ltigung, Bearbeitung, Verbreitung und jede Art der Verwertung au\u00dferhalb der Grenzen des Urheberrechtes bed\u00fcrfen der schriftlichen Zustimmung des jeweiligen Autors bzw. Erstellers. Downloads und Kopien dieser Seite sind nur f\u00fcr den privaten, nicht kommerziellen Gebrauch gestattet.<\/span><\/div>\n<div><span class=\"font-size-16 lh-1\">&nbsp;<\/span><\/div>\n<div><span class=\"font-size-16 lh-1\">Soweit die Inhalte auf dieser Seite nicht vom Betreiber erstellt wurden, werden die Urheberrechte Dritter beachtet. Insbesondere werden Inhalte Dritter als solche gekennzeichnet. Sollten Sie trotzdem auf eine Urheberrechtsverletzung aufmerksam werden, bitten wir um einen entsprechenden Hinweis. Bei Bekanntwerden von Rechtsverletzungen werden wir derartige Inhalte umgehend entfernen.<\/span><\/div>\n<\/div>\n<\/div>\n<\/div>\n<\/div>\n<p><\/p>\t\t\t\t\t\t\t\t<\/div>\n\t\t\t\t<\/div>\n\t\t\t\t\t<\/div>\n\t\t<\/div>\n\t\t\t\t\t<\/div>\n\t\t<\/section>\n\t\t\t\t<\/div>\n\t\t","protected":false},"excerpt":{"rendered":"<p>Impressum ANGABEN GEM\u00c4SS \u00a7 5 DDG &nbsp; &nbsp; Henning Fu\u00df K\u00f6ttenicher Strasse 115 52382 Niederzier &nbsp; KONTAKT E-Mail: info@sylb.eu &nbsp; VERANTWORTLICH F\u00dcR DEN INHALT NACH \u00a7 55 ABS. 2 RSTV Henning Fu\u00df K\u00f6ttenicher Strasse 115 52382 Niederzier &nbsp; STREITSCHLICHTUNG Die Europ\u00e4ische Kommission stellt eine Plattform zur Online-Streitbeilegung (OS) bereit: https:\/\/ec.europa.eu\/consumers\/odr. Unsere E-Mail-Adresse finden Sie oben [&hellip;]<\/p>\n","protected":false},"author":1,"featured_media":0,"parent":0,"menu_order":0,"comment_status":"closed","ping_status":"closed","template":"elementor_header_footer","meta":{"footnotes":""},"class_list":["post-1469","page","type-page","status-publish","hentry","wpbf-post"],"_links":{"self":[{"href":"https:\/\/zora-mediaart.de\/sylb\/wp-json\/wp\/v2\/pages\/1469","targetHints":{"allow":["GET"]}}],"collection":[{"href":"https:\/\/zora-mediaart.de\/sylb\/wp-json\/wp\/v2\/pages"}],"about":[{"href":"https:\/\/zora-mediaart.de\/sylb\/wp-json\/wp\/v2\/types\/page"}],"author":[{"embeddable":true,"href":"https:\/\/zora-mediaart.de\/sylb\/wp-json\/wp\/v2\/users\/1"}],"replies":[{"embeddable":true,"href":"https:\/\/zora-mediaart.de\/sylb\/wp-json\/wp\/v2\/comments?post=1469"}],"version-history":[{"count":3,"href":"https:\/\/zora-mediaart.de\/sylb\/wp-json\/wp\/v2\/pages\/1469\/revisions"}],"predecessor-version":[{"id":10409,"href":"https:\/\/zora-mediaart.de\/sylb\/wp-json\/wp\/v2\/pages\/1469\/revisions\/10409"}],"wp:attachment":[{"href":"https:\/\/zora-mediaart.de\/sylb\/wp-json\/wp\/v2\/media?parent=1469"}],"curies":[{"name":"wp","href":"https:\/\/api.w.org\/{rel}","templated":true}]}}