{"id":1360,"date":"2021-07-09T18:27:43","date_gmt":"2021-07-09T16:27:43","guid":{"rendered":"https:\/\/sylb.live-website.com\/?page_id=1360"},"modified":"2022-08-14T19:14:40","modified_gmt":"2022-08-14T17:14:40","slug":"regelndeutsch","status":"publish","type":"page","link":"https:\/\/zora-mediaart.de\/sylb\/regelndeutsch\/","title":{"rendered":"Regeln &#8211; Deutsch"},"content":{"rendered":"\t\t<div data-elementor-type=\"wp-page\" data-elementor-id=\"1360\" class=\"elementor elementor-1360\" data-elementor-post-type=\"page\">\n\t\t\t\t\t\t<section class=\"elementor-section elementor-top-section elementor-element elementor-element-1a0405f3 elementor-section-boxed elementor-section-height-default elementor-section-height-default\" data-id=\"1a0405f3\" data-element_type=\"section\" data-e-type=\"section\">\n\t\t\t\t\t\t<div class=\"elementor-container elementor-column-gap-default\">\n\t\t\t\t\t<div class=\"elementor-column elementor-col-100 elementor-top-column elementor-element elementor-element-45dfa249\" data-id=\"45dfa249\" data-element_type=\"column\" data-e-type=\"column\">\n\t\t\t<div class=\"elementor-widget-wrap elementor-element-populated\">\n\t\t\t\t\t\t<div class=\"elementor-element elementor-element-59fd1ccf elementor-widget elementor-widget-text-editor\" data-id=\"59fd1ccf\" data-element_type=\"widget\" data-e-type=\"widget\" data-widget_type=\"text-editor.default\">\n\t\t\t\t<div class=\"elementor-widget-container\">\n\t\t\t\t\t\t\t\t\t<h2 style=\"text-align: center;\"><strong>Ab sofort steht euch unser Anfrage-Formular zur Verf\u00fcgung!<\/strong><\/h2><p>\u00dcber das Anfrage-Formular k\u00f6nnt ihr uns Anfragen zu den Themen Playlists, Interviews, Reviews, Konzertberichte, Event-Kalender und Content-Spreading schicken. Im Nachrichtenfeld k\u00f6nnt ihr uns zus\u00e4tzlich Links\/Infos schicken oder anderweitige Mitteilungen hinterlassen.<br \/>Zum Anfrage-Formular kommt ihr <a href=\"https:\/\/zora-mediaart.de\/sylb\/kontakt\"><strong>hier<\/strong><\/a>.<\/p><h2 style=\"text-align: center;\"><strong>Infos &amp; Regeln<\/strong><strong> f\u00fcr<br \/>Reposts &amp; Content Spreading<\/strong><\/h2><h4 style=\"text-align: center;\"><strong>Bitte beachtet:<\/strong><\/h4><p>Um in unseren Social Media weiterhin f\u00fcr euch die bestm\u00f6gliche Unterst\u00fctzung bieten zu k\u00f6nnen ist es zwingend erforderlich, dass s\u00e4mtliche nachfolgende Regeln beachtet und eingehalten werden! Die Regeln gelten gleicherma\u00dfen\u00a0f\u00fcr jegliche Beitragsform wie z.B. Posts, Stories, Reels, etc. auf s\u00e4mtlichen Social Media Plattformen\u00a0(im Falle von SYLB also Instagram, Facebook und TikTok). Unterst\u00fctzt werden dabei ausschlie\u00dflich Bands und Organisationen, die SYLB\u00a0<span style=\"color: #d5ff00;\"><strong>dauerhaft<\/strong><\/span> folgen bzw. Teil der SYLB-Community sind!\u00a0Beitr\u00e4ge von Privatpersonen oder Reposts werden von SYLB nicht repostet.\u00a0<span style=\"color: #d5ff00;\"><strong>Mit Erteilung der Freigabe zur Verwendung des von euch in jeglicher Form zur Verf\u00fcgung gestellten Materials best\u00e4tigt ihr die folgenden Regeln gelesen, verstanden und anerkannt zu haben!<\/strong><\/span><\/p><p><strong><span style=\"color: #d5ff00;\">F\u00fcr Reposts:<\/span><br \/><\/strong>&#8211; Ihr m\u00fcsst der rechtm\u00e4\u00dfige Urheber\/Ersteller des Originalposts sein<br \/>&#8211; Ihr m\u00fcsst rechtm\u00e4\u00dfiger Besitzer des verwendeten Bild-\/Videomaterials sein<br \/>&#8211; Ihr m\u00fcsst alleiniger Rechteinhaber von verwendeter Musik sein<br \/>&#8211; Ihr m\u00fcsst explizit kenntlich machen, dass Reposts ausdr\u00fccklich erlaubt sind (z.B. durch Einf\u00fcgen von \u201eteilen erlaubt\u201c oder \u201efeel free to share\u201c in der Bildbeschreibung,\u00a0<span style=\"color: #d5ff00;\"><strong>NICHT<\/strong><\/span>\u00a0in den Kommentaren!)<br \/>&#8211;\u00a0<span style=\"color: #d5ff00;\"><strong>In Stories<\/strong><\/span>\u00a0mu\u00df sowohl die Freigabe f\u00fcr Reposts als auch die Erw\u00e4hnung von\u00a0<span style=\"color: #d5ff00;\">@sylb.supportyourlocalbands<\/span>\u00a0ausreichend deutlich zu lesen sein<br \/>&#8211;\u00a0<span style=\"color: #d5ff00;\"><strong>In Feed-Posts<\/strong><\/span>\u00a0mu\u00df zwingend\u00a0<span style=\"color: #d5ff00;\">@sylb.supportyourlocalbands<\/span>\u00a0in der Bildbeschreibung (<span style=\"color: #d5ff00;\"><strong>NICHT<\/strong><\/span>\u00a0in den Kommentaren!) erw\u00e4hnt werden<br \/>&#8211; Der Post <span style=\"color: #d5ff00;\"><strong>darf kein Repost<\/strong><\/span>\u00a0sein!<br \/><span style=\"color: #d5ff00;\"><strong>ACHTUNG:<\/strong><\/span>\u00a0sollte wenigstens einer dieser Punkte nicht erf\u00fcllt sein,\u00a0<strong><span style=\"color: #d5ff00;\">kann der entsprechende Beitrag nicht repostet werden!<\/span><br \/><span style=\"color: #d5ff00;\">Alternativ: <\/span><\/strong>macht uns auf Instagram zu Co-Autor<\/p><p><strong><span style=\"color: #d5ff00;\">F\u00fcr Content Spreading:<\/span><br \/><\/strong>&#8211; \u00dcbermittelt den Content (z.B. Teaser-Clips), der von SYLB gepostet werden soll, <span style=\"color: #d5ff00;\"><strong>ausschlie\u00dflich als Download-Link \u00fcber das <\/strong><a href=\"https:\/\/zora-mediaart.de\/sylb\/kontakt\">Anfrage-Formular<\/a><\/span>\u00a0\u2013 eine \u00dcbermittlung per Direktnachricht kann leider nicht ber\u00fccksichtigt werden<br \/>&#8211; In der Mail kann das Material entweder direkt oder via Download-Link zugeschickt werden<br \/>&#8211; In der Mail mu\u00df <span style=\"color: #d5ff00;\"><strong>ausdr\u00fccklich darauf hingewiesen werden<\/strong><\/span>, dass ihr das Material zur freien Nutzung\/Ver\u00f6ffentlichung zur Verf\u00fcgung stellt. Diese Erlaubnis kann alternativ als Dokument angeh\u00e4ngt oder im Download-Link hinterlegt sein.<br \/><span style=\"color: #d5ff00;\"><strong>WICHTIG:<\/strong><\/span> solltet ihr in den oben genannten Angelegenheiten nicht alleiniger Rechteinhaber des genutzten Bild-, Video- und\/oder Tonmaterials sein brauchen wir zwingend die schriftliche Freigabe des\/der weiteren Rechteinhaber\/s! <span style=\"color: #d5ff00;\"><strong>Anderenfalls kann euer Material nicht genutzt werden \u2013 wir bitten da um Verst\u00e4ndnis!<br \/>Alternativ: <\/strong><span style=\"color: #e8e6e6;\">macht uns auf Instagram zu Co-Autor<\/span><strong><br \/><\/strong><\/span><\/p><p><strong><span style=\"color: #d5ff00;\">F\u00fcr eine Aufnahme in die SYLB-Playlists auf Spotify &amp; YouTube gilt:<\/span><br \/><\/strong>&#8211; die Band mu\u00df\u00a0<span style=\"color: #d5ff00;\"><strong>dauerhafter<\/strong><\/span>\u00a0Follower von SYLB oder Teil der SYLB-Community sein<br \/>&#8211; die Anfrage mu\u00df\u00a0von der Band\u00a0selbst kommen<br \/>&#8211; die Anfrage mu\u00df den Spotify-Link zum Song beinhalten<br \/>&#8211; die Anfrage f\u00fcr mehrere Songs setzt voraus, da\u00df die Songs\u00a0<span style=\"color: #d5ff00;\"><strong>nicht am selben Tag <\/strong><\/span>ver\u00f6ffentlicht wurden.<br \/>Bitte beachtet au\u00dferdem, da\u00df die Songs in den Playlists\u00a0<span style=\"color: #d5ff00;\"><strong>maximal 1 Jahr alt<\/strong><\/span> sein d\u00fcrfen! \u00c4ltere Songs regelm\u00e4\u00dfig aussortiert.<\/p>\t\t\t\t\t\t\t\t<\/div>\n\t\t\t\t<\/div>\n\t\t\t\t\t<\/div>\n\t\t<\/div>\n\t\t\t\t\t<\/div>\n\t\t<\/section>\n\t\t\t\t<\/div>\n\t\t","protected":false},"excerpt":{"rendered":"<p>Ab sofort steht euch unser Anfrage-Formular zur Verf\u00fcgung! \u00dcber das Anfrage-Formular k\u00f6nnt ihr uns Anfragen zu den Themen Playlists, Interviews, Reviews, Konzertberichte, Event-Kalender und Content-Spreading schicken. Im Nachrichtenfeld k\u00f6nnt ihr uns zus\u00e4tzlich Links\/Infos schicken oder anderweitige Mitteilungen hinterlassen.Zum Anfrage-Formular kommt ihr hier. Infos &amp; Regeln f\u00fcrReposts &amp; Content Spreading Bitte beachtet: Um in unseren Social [&hellip;]<\/p>\n","protected":false},"author":3,"featured_media":0,"parent":0,"menu_order":0,"comment_status":"closed","ping_status":"closed","template":"elementor_canvas","meta":{"footnotes":""},"class_list":["post-1360","page","type-page","status-publish","hentry","wpbf-post"],"_links":{"self":[{"href":"https:\/\/zora-mediaart.de\/sylb\/wp-json\/wp\/v2\/pages\/1360","targetHints":{"allow":["GET"]}}],"collection":[{"href":"https:\/\/zora-mediaart.de\/sylb\/wp-json\/wp\/v2\/pages"}],"about":[{"href":"https:\/\/zora-mediaart.de\/sylb\/wp-json\/wp\/v2\/types\/page"}],"author":[{"embeddable":true,"href":"https:\/\/zora-mediaart.de\/sylb\/wp-json\/wp\/v2\/users\/3"}],"replies":[{"embeddable":true,"href":"https:\/\/zora-mediaart.de\/sylb\/wp-json\/wp\/v2\/comments?post=1360"}],"version-history":[{"count":3,"href":"https:\/\/zora-mediaart.de\/sylb\/wp-json\/wp\/v2\/pages\/1360\/revisions"}],"predecessor-version":[{"id":8459,"href":"https:\/\/zora-mediaart.de\/sylb\/wp-json\/wp\/v2\/pages\/1360\/revisions\/8459"}],"wp:attachment":[{"href":"https:\/\/zora-mediaart.de\/sylb\/wp-json\/wp\/v2\/media?parent=1360"}],"curies":[{"name":"wp","href":"https:\/\/api.w.org\/{rel}","templated":true}]}}